{"id":522,"date":"2022-05-19T15:52:22","date_gmt":"2022-05-19T15:52:22","guid":{"rendered":"https:\/\/www.apsz.com.pl\/projekty\/"},"modified":"2023-03-17T15:12:38","modified_gmt":"2023-03-17T15:12:38","slug":"projekty","status":"publish","type":"page","link":"https:\/\/www.apsz.com.pl\/en\/projekty\/","title":{"rendered":"Projects"},"content":{"rendered":"<section class=\"block wyrniony-tekst-projekty alignfull\">\n<div class=\"block-inner block-highlighted-text-projects\">\n    <\/div>\n<\/section>\n\n<section class=\"block projekty alignfull\">\n<div class=\"block-inner\">\n    <div class=\"projects load-more-container\">\n                        <div class=\"projects__item\">\n                    <div class=\"project-image\">\n                        <a href=\"https:\/\/www.apsz.com.pl\/en\/projekty\/aquapark-zakrzow\/\">\n                            <img loading=\"lazy\" decoding=\"async\" width=\"640\" height=\"480\" src=\"https:\/\/www.apsz.com.pl\/wp-content\/uploads\/2024\/05\/IMG_13191-1.jpg\" class=\"resp_image__bg\" alt=\"\" sizes=\"auto, (max-width: 1920px) 100vw, (max-width: 640px) calc(100vw), 300px\" style=\"object-fit: cover; object-position: 50%\" \/>                        <\/a>\n                    <\/div>\n                    <div class=\"project-content\">\n                        <h2 class=\"project-title\">\n                            <a href=\"https:\/\/www.apsz.com.pl\/en\/projekty\/aquapark-zakrzow\/\">\n                                <strong>Aquapark Zakrz\u00f3w<\/strong>\n                                                            <\/a>\n                        <\/h2>\n                        <div class=\"project-excerpt\">\n                            Aquapark Zakrz\u00f3w, located in Wroc\u0142aw, is a recreational complex that offers residents and tourists not only an ideal place for active relaxation and rest but also a facility designed with minimal                        <\/div>\n                        <a class=\"read-more\" href=\"https:\/\/www.apsz.com.pl\/en\/projekty\/aquapark-zakrzow\/\">more ><\/a>\n                    <\/div>\n                <\/div>\n                            <div class=\"projects__item\">\n                    <div class=\"project-image\">\n                        <a href=\"https:\/\/www.apsz.com.pl\/en\/projekty\/miedzy-parkami\/\">\n                            <img loading=\"lazy\" decoding=\"async\" width=\"2560\" height=\"1707\" src=\"https:\/\/www.apsz.com.pl\/wp-content\/uploads\/2024\/01\/D07_8503-scaled.jpg\" class=\"resp_image__bg\" alt=\"\" sizes=\"auto, (max-width: 1920px) 100vw, (max-width: 640px) calc(100vw), 300px\" style=\"object-fit: cover; object-position: 50%\" srcset=\"https:\/\/www.apsz.com.pl\/wp-content\/uploads\/2024\/01\/D07_8503-scaled.jpg 2560w, https:\/\/www.apsz.com.pl\/wp-content\/uploads\/2024\/01\/D07_8503-300x200.jpg 300w, https:\/\/www.apsz.com.pl\/wp-content\/uploads\/2024\/01\/D07_8503-1024x683.jpg 1024w, https:\/\/www.apsz.com.pl\/wp-content\/uploads\/2024\/01\/D07_8503-768x512.jpg 768w, https:\/\/www.apsz.com.pl\/wp-content\/uploads\/2024\/01\/D07_8503-1536x1024.jpg 1536w, https:\/\/www.apsz.com.pl\/wp-content\/uploads\/2024\/01\/D07_8503-2048x1365.jpg 2048w\" \/>                        <\/a>\n                    <\/div>\n                    <div class=\"project-content\">\n                        <h2 class=\"project-title\">\n                            <a href=\"https:\/\/www.apsz.com.pl\/en\/projekty\/miedzy-parkami\/\">\n                                <strong>Mi\u0119dzy Parkami<\/strong>\n                                                            <\/a>\n                        <\/h2>\n                        <div class=\"project-excerpt\">\n                            The &#8220;Mi\u0119dzy Parkami&#8221; investment is a complex of residential buildings with underground parking garages. The project also includes the development of the surrounding area by constructing internal roads, pedestrian walkways, and                        <\/div>\n                        <a class=\"read-more\" href=\"https:\/\/www.apsz.com.pl\/en\/projekty\/miedzy-parkami\/\">more ><\/a>\n                    <\/div>\n                <\/div>\n                            <div class=\"projects__item\">\n                    <div class=\"project-image\">\n                        <a href=\"https:\/\/www.apsz.com.pl\/en\/projekty\/ks-witolda-35\/\">\n                            <img loading=\"lazy\" decoding=\"async\" width=\"2560\" height=\"1440\" src=\"https:\/\/www.apsz.com.pl\/wp-content\/uploads\/2023\/10\/2023_02_13_WARIANT-2_WIDOK-01_lustro-pionowe-okna-scaled.jpg\" class=\"resp_image__bg\" alt=\"\" sizes=\"auto, (max-width: 1920px) 100vw, (max-width: 640px) calc(100vw), 300px\" style=\"object-fit: cover; object-position: 50%\" srcset=\"https:\/\/www.apsz.com.pl\/wp-content\/uploads\/2023\/10\/2023_02_13_WARIANT-2_WIDOK-01_lustro-pionowe-okna-scaled.jpg 2560w, https:\/\/www.apsz.com.pl\/wp-content\/uploads\/2023\/10\/2023_02_13_WARIANT-2_WIDOK-01_lustro-pionowe-okna-300x169.jpg 300w, https:\/\/www.apsz.com.pl\/wp-content\/uploads\/2023\/10\/2023_02_13_WARIANT-2_WIDOK-01_lustro-pionowe-okna-1024x576.jpg 1024w, https:\/\/www.apsz.com.pl\/wp-content\/uploads\/2023\/10\/2023_02_13_WARIANT-2_WIDOK-01_lustro-pionowe-okna-768x432.jpg 768w, https:\/\/www.apsz.com.pl\/wp-content\/uploads\/2023\/10\/2023_02_13_WARIANT-2_WIDOK-01_lustro-pionowe-okna-1536x864.jpg 1536w, https:\/\/www.apsz.com.pl\/wp-content\/uploads\/2023\/10\/2023_02_13_WARIANT-2_WIDOK-01_lustro-pionowe-okna-2048x1152.jpg 2048w\" \/>                        <\/a>\n                    <\/div>\n                    <div class=\"project-content\">\n                        <h2 class=\"project-title\">\n                            <a href=\"https:\/\/www.apsz.com.pl\/en\/projekty\/ks-witolda-35\/\">\n                                <strong>Ks. Witolda 35<\/strong>\n                                Ks.Witolda 35 Street, Wroc\u0142aw, Poland                            <\/a>\n                        <\/h2>\n                        <div class=\"project-excerpt\">\n                            We present a concept for an investment site located on the frontage of historic buildings on the Wroc\u0142aw island of K\u0119pa Mieszcza\u0144ska, situated in the heart of the city. The site                        <\/div>\n                        <a class=\"read-more\" href=\"https:\/\/www.apsz.com.pl\/en\/projekty\/ks-witolda-35\/\">more ><\/a>\n                    <\/div>\n                <\/div>\n                            <div class=\"projects__item\">\n                    <div class=\"project-image\">\n                        <a href=\"https:\/\/www.apsz.com.pl\/en\/projekty\/solpol-swidnicka-wroclaw\/\">\n                            <img loading=\"lazy\" decoding=\"async\" width=\"1920\" height=\"1080\" src=\"https:\/\/www.apsz.com.pl\/wp-content\/uploads\/2023\/10\/28-e1698752962861.jpg\" class=\"resp_image__bg\" alt=\"\" sizes=\"auto, (max-width: 1920px) 100vw, (max-width: 640px) calc(100vw), 300px\" style=\"object-fit: cover; object-position: 50%\" \/>                        <\/a>\n                    <\/div>\n                    <div class=\"project-content\">\n                        <h2 class=\"project-title\">\n                            <a href=\"https:\/\/www.apsz.com.pl\/en\/projekty\/solpol-swidnicka-wroclaw\/\">\n                                <strong>\u201eSolpol\u201d \u015awidnicka, Wroc\u0142aw<\/strong>\n                                 \u015awidnicka Street, Wroc\u0142aw, Poland                            <\/a>\n                        <\/h2>\n                        <div class=\"project-excerpt\">\n                            We present a concept for the development of a plot within the quarter of \u015awidnicka Street, St. Dorota, and Franciszka\u0144ska. The area of Solpol has historically been a vibrant and ever-changing                        <\/div>\n                        <a class=\"read-more\" href=\"https:\/\/www.apsz.com.pl\/en\/projekty\/solpol-swidnicka-wroclaw\/\">more ><\/a>\n                    <\/div>\n                <\/div>\n                            <div class=\"projects__item\">\n                    <div class=\"project-image\">\n                        <a href=\"https:\/\/www.apsz.com.pl\/en\/projekty\/liviny\/\">\n                            <img loading=\"lazy\" decoding=\"async\" width=\"1920\" height=\"1266\" src=\"https:\/\/www.apsz.com.pl\/wp-content\/uploads\/2023\/11\/Widok_osiedla_2-e1698920428687.jpg\" class=\"resp_image__bg\" alt=\"\" sizes=\"auto, (max-width: 1920px) 100vw, (max-width: 640px) calc(100vw), 300px\" style=\"object-fit: cover; object-position: 50%\" \/>                        <\/a>\n                    <\/div>\n                    <div class=\"project-content\">\n                        <h2 class=\"project-title\">\n                            <a href=\"https:\/\/www.apsz.com.pl\/en\/projekty\/liviny\/\">\n                                <strong>Liviny<\/strong>\n                                Iwiny by Wroc\u0142aw, Poland                            <\/a>\n                        <\/h2>\n                        <div class=\"project-excerpt\">\n                            The Liviny Investment Project, located in Iwiny at the intersection of Brochowska and Miodowa streets, encompasses a complex of single-family and multi-family residential buildings with integrated commercial spaces on the ground                        <\/div>\n                        <a class=\"read-more\" href=\"https:\/\/www.apsz.com.pl\/en\/projekty\/liviny\/\">more ><\/a>\n                    <\/div>\n                <\/div>\n                            <div class=\"projects__item\">\n                    <div class=\"project-image\">\n                        <a href=\"https:\/\/www.apsz.com.pl\/en\/projekty\/solpol\/\">\n                            <img loading=\"lazy\" decoding=\"async\" width=\"1920\" height=\"1080\" src=\"https:\/\/www.apsz.com.pl\/wp-content\/uploads\/2023\/10\/28-e1698752962861.jpg\" class=\"resp_image__bg\" alt=\"\" sizes=\"auto, (max-width: 1920px) 100vw, (max-width: 640px) calc(100vw), 300px\" style=\"object-fit: cover; object-position: 50%\" \/>                        <\/a>\n                    <\/div>\n                    <div class=\"project-content\">\n                        <h2 class=\"project-title\">\n                            <a href=\"https:\/\/www.apsz.com.pl\/en\/projekty\/solpol\/\">\n                                <strong>&#8220;Solpol&#8221;<\/strong>\n                                                            <\/a>\n                        <\/h2>\n                        <div class=\"project-excerpt\">\n                            We present the development concept for the plot in the quarter of \u015awidnicka, St. Doroty and Franciszka\u0144ska. The Solpol area is a historically changing and lively quarter, with a variety of                        <\/div>\n                        <a class=\"read-more\" href=\"https:\/\/www.apsz.com.pl\/en\/projekty\/solpol\/\">more ><\/a>\n                    <\/div>\n                <\/div>\n                            <div class=\"projects__item\">\n                    <div class=\"project-image\">\n                        <a href=\"https:\/\/www.apsz.com.pl\/en\/projekty\/na-grobli-hotel-building\/\">\n                            <img loading=\"lazy\" decoding=\"async\" width=\"1299\" height=\"866\" src=\"https:\/\/www.apsz.com.pl\/wp-content\/uploads\/2022\/07\/008-na-grobli1.jpg-1299x866-1.jpg\" class=\"resp_image__bg\" alt=\"\" sizes=\"auto, (max-width: 1920px) 100vw, (max-width: 640px) calc(100vw), 300px\" style=\"object-fit: cover; object-position: 50%\" srcset=\"https:\/\/www.apsz.com.pl\/wp-content\/uploads\/2022\/07\/008-na-grobli1.jpg-1299x866-1.jpg 1299w, https:\/\/www.apsz.com.pl\/wp-content\/uploads\/2022\/07\/008-na-grobli1.jpg-1299x866-1-300x200.jpg 300w, https:\/\/www.apsz.com.pl\/wp-content\/uploads\/2022\/07\/008-na-grobli1.jpg-1299x866-1-1024x683.jpg 1024w, https:\/\/www.apsz.com.pl\/wp-content\/uploads\/2022\/07\/008-na-grobli1.jpg-1299x866-1-768x512.jpg 768w\" \/>                        <\/a>\n                    <\/div>\n                    <div class=\"project-content\">\n                        <h2 class=\"project-title\">\n                            <a href=\"https:\/\/www.apsz.com.pl\/en\/projekty\/na-grobli-hotel-building\/\">\n                                <strong>NA GROBLI &#8211; HOTEL BUILDING<\/strong>\n                                Na grobli, Wroc\u0142aw                            <\/a>\n                        <\/h2>\n                        <div class=\"project-excerpt\">\n                            The hotel&#8217;s location near recreational areas, the marina and the zoo, in the vicinity of interwar modernist architecture with a sports function, generated its form. The development is part of the                        <\/div>\n                        <a class=\"read-more\" href=\"https:\/\/www.apsz.com.pl\/en\/projekty\/na-grobli-hotel-building\/\">more ><\/a>\n                    <\/div>\n                <\/div>\n                            <div class=\"projects__item\">\n                    <div class=\"project-image\">\n                        <a href=\"https:\/\/www.apsz.com.pl\/en\/projekty\/foxtrot-mall\/\">\n                            <img loading=\"lazy\" decoding=\"async\" width=\"1600\" height=\"1028\" src=\"https:\/\/www.apsz.com.pl\/wp-content\/uploads\/2022\/07\/Lw-1_blok-kopia2.jpg-1600x1028-1.jpg\" class=\"resp_image__bg\" alt=\"\" sizes=\"auto, (max-width: 1920px) 100vw, (max-width: 640px) calc(100vw), 300px\" style=\"object-fit: cover; object-position: 50%\" srcset=\"https:\/\/www.apsz.com.pl\/wp-content\/uploads\/2022\/07\/Lw-1_blok-kopia2.jpg-1600x1028-1.jpg 1600w, https:\/\/www.apsz.com.pl\/wp-content\/uploads\/2022\/07\/Lw-1_blok-kopia2.jpg-1600x1028-1-300x193.jpg 300w, https:\/\/www.apsz.com.pl\/wp-content\/uploads\/2022\/07\/Lw-1_blok-kopia2.jpg-1600x1028-1-1024x658.jpg 1024w, https:\/\/www.apsz.com.pl\/wp-content\/uploads\/2022\/07\/Lw-1_blok-kopia2.jpg-1600x1028-1-768x493.jpg 768w, https:\/\/www.apsz.com.pl\/wp-content\/uploads\/2022\/07\/Lw-1_blok-kopia2.jpg-1600x1028-1-1536x987.jpg 1536w\" \/>                        <\/a>\n                    <\/div>\n                    <div class=\"project-content\">\n                        <h2 class=\"project-title\">\n                            <a href=\"https:\/\/www.apsz.com.pl\/en\/projekty\/foxtrot-mall\/\">\n                                <strong>FOXTROT MALL<\/strong>\n                                Kniagini Olgi, Lw\u00f3w                            <\/a>\n                        <\/h2>\n                        <div class=\"project-excerpt\">\n                            Project stages:                        <\/div>\n                        <a class=\"read-more\" href=\"https:\/\/www.apsz.com.pl\/en\/projekty\/foxtrot-mall\/\">more ><\/a>\n                    <\/div>\n                <\/div>\n                            <div class=\"projects__item\">\n                    <div class=\"project-image\">\n                        <a href=\"https:\/\/www.apsz.com.pl\/en\/projekty\/shopping-center-vinnytsia-ukraine\/\">\n                            <img loading=\"lazy\" decoding=\"async\" width=\"1600\" height=\"1065\" src=\"https:\/\/www.apsz.com.pl\/wp-content\/uploads\/2022\/07\/Vinnitza11.jpg-1600x1065-1.jpg\" class=\"resp_image__bg\" alt=\"\" sizes=\"auto, (max-width: 1920px) 100vw, (max-width: 640px) calc(100vw), 300px\" style=\"object-fit: cover; object-position: 50%\" srcset=\"https:\/\/www.apsz.com.pl\/wp-content\/uploads\/2022\/07\/Vinnitza11.jpg-1600x1065-1.jpg 1600w, https:\/\/www.apsz.com.pl\/wp-content\/uploads\/2022\/07\/Vinnitza11.jpg-1600x1065-1-300x200.jpg 300w, https:\/\/www.apsz.com.pl\/wp-content\/uploads\/2022\/07\/Vinnitza11.jpg-1600x1065-1-1024x682.jpg 1024w, https:\/\/www.apsz.com.pl\/wp-content\/uploads\/2022\/07\/Vinnitza11.jpg-1600x1065-1-768x511.jpg 768w, https:\/\/www.apsz.com.pl\/wp-content\/uploads\/2022\/07\/Vinnitza11.jpg-1600x1065-1-1536x1022.jpg 1536w\" \/>                        <\/a>\n                    <\/div>\n                    <div class=\"project-content\">\n                        <h2 class=\"project-title\">\n                            <a href=\"https:\/\/www.apsz.com.pl\/en\/projekty\/shopping-center-vinnytsia-ukraine\/\">\n                                <strong>SHOPPING CENTER &#8211; VINNYTSIA UKRAINE<\/strong>\n                                Vinnytsia                            <\/a>\n                        <\/h2>\n                        <div class=\"project-excerpt\">\n                                                    <\/div>\n                        <a class=\"read-more\" href=\"https:\/\/www.apsz.com.pl\/en\/projekty\/shopping-center-vinnytsia-ukraine\/\">more ><\/a>\n                    <\/div>\n                <\/div>\n                            <div class=\"projects__item\">\n                    <div class=\"project-image\">\n                        <a href=\"https:\/\/www.apsz.com.pl\/en\/projekty\/retail-park-zabobrze\/\">\n                            <img loading=\"lazy\" decoding=\"async\" width=\"1600\" height=\"992\" src=\"https:\/\/www.apsz.com.pl\/wp-content\/uploads\/2022\/07\/APSZ-JELENIA-scena-pop-pop-0002.jpg-1600x992-1.jpg\" class=\"resp_image__bg\" alt=\"\" sizes=\"auto, (max-width: 1920px) 100vw, (max-width: 640px) calc(100vw), 300px\" style=\"object-fit: cover; object-position: 50%\" srcset=\"https:\/\/www.apsz.com.pl\/wp-content\/uploads\/2022\/07\/APSZ-JELENIA-scena-pop-pop-0002.jpg-1600x992-1.jpg 1600w, https:\/\/www.apsz.com.pl\/wp-content\/uploads\/2022\/07\/APSZ-JELENIA-scena-pop-pop-0002.jpg-1600x992-1-300x186.jpg 300w, https:\/\/www.apsz.com.pl\/wp-content\/uploads\/2022\/07\/APSZ-JELENIA-scena-pop-pop-0002.jpg-1600x992-1-1024x635.jpg 1024w, https:\/\/www.apsz.com.pl\/wp-content\/uploads\/2022\/07\/APSZ-JELENIA-scena-pop-pop-0002.jpg-1600x992-1-768x476.jpg 768w, https:\/\/www.apsz.com.pl\/wp-content\/uploads\/2022\/07\/APSZ-JELENIA-scena-pop-pop-0002.jpg-1600x992-1-1536x952.jpg 1536w\" \/>                        <\/a>\n                    <\/div>\n                    <div class=\"project-content\">\n                        <h2 class=\"project-title\">\n                            <a href=\"https:\/\/www.apsz.com.pl\/en\/projekty\/retail-park-zabobrze\/\">\n                                <strong>RETAIL PARK ZABOBRZE<\/strong>\n                                Zabobrze, Jelenia G\u00f3ra                            <\/a>\n                        <\/h2>\n                        <div class=\"project-excerpt\">\n                                                    <\/div>\n                        <a class=\"read-more\" href=\"https:\/\/www.apsz.com.pl\/en\/projekty\/retail-park-zabobrze\/\">more ><\/a>\n                    <\/div>\n                <\/div>\n                            <div class=\"projects__item\">\n                    <div class=\"project-image\">\n                        <a href=\"https:\/\/www.apsz.com.pl\/en\/projekty\/marina-park\/\">\n                            <img loading=\"lazy\" decoding=\"async\" width=\"1600\" height=\"853\" src=\"https:\/\/www.apsz.com.pl\/wp-content\/uploads\/2022\/07\/7-APSZ-PORT-scena-pop-1-OK.jpg-1600x853-1.jpg\" class=\"resp_image__bg\" alt=\"\" sizes=\"auto, (max-width: 1920px) 100vw, (max-width: 640px) calc(100vw), 300px\" style=\"object-fit: cover; object-position: 50%\" srcset=\"https:\/\/www.apsz.com.pl\/wp-content\/uploads\/2022\/07\/7-APSZ-PORT-scena-pop-1-OK.jpg-1600x853-1.jpg 1600w, https:\/\/www.apsz.com.pl\/wp-content\/uploads\/2022\/07\/7-APSZ-PORT-scena-pop-1-OK.jpg-1600x853-1-300x160.jpg 300w, https:\/\/www.apsz.com.pl\/wp-content\/uploads\/2022\/07\/7-APSZ-PORT-scena-pop-1-OK.jpg-1600x853-1-1024x546.jpg 1024w, https:\/\/www.apsz.com.pl\/wp-content\/uploads\/2022\/07\/7-APSZ-PORT-scena-pop-1-OK.jpg-1600x853-1-768x409.jpg 768w, https:\/\/www.apsz.com.pl\/wp-content\/uploads\/2022\/07\/7-APSZ-PORT-scena-pop-1-OK.jpg-1600x853-1-1536x819.jpg 1536w\" \/>                        <\/a>\n                    <\/div>\n                    <div class=\"project-content\">\n                        <h2 class=\"project-title\">\n                            <a href=\"https:\/\/www.apsz.com.pl\/en\/projekty\/marina-park\/\">\n                                <strong>MARINA PARK<\/strong>\n                                Popowicka, Wroc\u0142aw                            <\/a>\n                        <\/h2>\n                        <div class=\"project-excerpt\">\n                            The 80-meter-high office building, residential buildings, a shopping center and a yacht harbor are among the largest planned investments in Wroclaw. Project stages:                        <\/div>\n                        <a class=\"read-more\" href=\"https:\/\/www.apsz.com.pl\/en\/projekty\/marina-park\/\">more ><\/a>\n                    <\/div>\n                <\/div>\n                            <div class=\"projects__item\">\n                    <div class=\"project-image\">\n                        <a href=\"https:\/\/www.apsz.com.pl\/en\/projekty\/promenady-epsilon\/\">\n                            <img loading=\"lazy\" decoding=\"async\" width=\"1442\" height=\"812\" src=\"https:\/\/www.apsz.com.pl\/wp-content\/uploads\/2022\/07\/APSZ-RYCHTALSKA-V21.jpg-1442x812-1.jpg\" class=\"resp_image__bg\" alt=\"\" sizes=\"auto, (max-width: 1920px) 100vw, (max-width: 640px) calc(100vw), 300px\" style=\"object-fit: cover; object-position: 50%\" srcset=\"https:\/\/www.apsz.com.pl\/wp-content\/uploads\/2022\/07\/APSZ-RYCHTALSKA-V21.jpg-1442x812-1.jpg 1442w, https:\/\/www.apsz.com.pl\/wp-content\/uploads\/2022\/07\/APSZ-RYCHTALSKA-V21.jpg-1442x812-1-300x169.jpg 300w, https:\/\/www.apsz.com.pl\/wp-content\/uploads\/2022\/07\/APSZ-RYCHTALSKA-V21.jpg-1442x812-1-1024x577.jpg 1024w, https:\/\/www.apsz.com.pl\/wp-content\/uploads\/2022\/07\/APSZ-RYCHTALSKA-V21.jpg-1442x812-1-768x432.jpg 768w\" \/>                        <\/a>\n                    <\/div>\n                    <div class=\"project-content\">\n                        <h2 class=\"project-title\">\n                            <a href=\"https:\/\/www.apsz.com.pl\/en\/projekty\/promenady-epsilon\/\">\n                                <strong>PROMENADY EPSILON<\/strong>\n                                Antoniego S\u0142onimskiego, Wroc\u0142aw                            <\/a>\n                        <\/h2>\n                        <div class=\"project-excerpt\">\n                            The building is the first development forming a new district of Wroclaw &#8211; Promenady Wroc\u0142awskie. Along the Oder River there will be developments with retail, service, hotel, cultural and educational functions.                        <\/div>\n                        <a class=\"read-more\" href=\"https:\/\/www.apsz.com.pl\/en\/projekty\/promenady-epsilon\/\">more ><\/a>\n                    <\/div>\n                <\/div>\n                <\/div>\n            <button class=\"post-load-more\" data-type=\"projekty\" data-offset=\"12\" data-all=\"169\" data-url=\"https:\/\/www.apsz.com.pl\/en\/wp-json\/sntheme\/load-more\" data-tax=\"\">\n            <span>show more&#8230;<\/span>\n        <\/button>\n    <\/div><\/section>","protected":false},"excerpt":{"rendered":"","protected":false},"author":1,"featured_media":0,"parent":0,"menu_order":0,"comment_status":"closed","ping_status":"closed","template":"","meta":{"_acf_changed":false,"inline_featured_image":false,"footnotes":""},"class_list":["post-522","page","type-page","status-publish","hentry"],"acf":[],"_links":{"self":[{"href":"https:\/\/www.apsz.com.pl\/en\/wp-json\/wp\/v2\/pages\/522","targetHints":{"allow":["GET"]}}],"collection":[{"href":"https:\/\/www.apsz.com.pl\/en\/wp-json\/wp\/v2\/pages"}],"about":[{"href":"https:\/\/www.apsz.com.pl\/en\/wp-json\/wp\/v2\/types\/page"}],"author":[{"embeddable":true,"href":"https:\/\/www.apsz.com.pl\/en\/wp-json\/wp\/v2\/users\/1"}],"replies":[{"embeddable":true,"href":"https:\/\/www.apsz.com.pl\/en\/wp-json\/wp\/v2\/comments?post=522"}],"version-history":[{"count":2,"href":"https:\/\/www.apsz.com.pl\/en\/wp-json\/wp\/v2\/pages\/522\/revisions"}],"predecessor-version":[{"id":3268,"href":"https:\/\/www.apsz.com.pl\/en\/wp-json\/wp\/v2\/pages\/522\/revisions\/3268"}],"wp:attachment":[{"href":"https:\/\/www.apsz.com.pl\/en\/wp-json\/wp\/v2\/media?parent=522"}],"curies":[{"name":"wp","href":"https:\/\/api.w.org\/{rel}","templated":true}]}}